{"id":43,"date":"2024-05-24T11:21:39","date_gmt":"2024-05-24T09:21:39","guid":{"rendered":"https:\/\/servicesinformatik82.com\/?page_id=43"},"modified":"2024-05-24T11:34:53","modified_gmt":"2024-05-24T09:34:53","slug":"bienvenue","status":"publish","type":"page","link":"https:\/\/servicesinformatik82.com\/","title":{"rendered":"Bienvenue"},"content":{"rendered":"\n<p>Depuis 2009, Services informatik 82, agence de communication et d&rsquo;accompagnement aux r\u00e9seaux sociaux, vous propose ses services en local (R\u00e9gion Occitanie) mais aussi en Freelance sur toute la France et l&rsquo;Espagne. <\/p>\n\n\n\n<p>Travailler avec un prestataire existant depuis 15 ans, c&rsquo;est un gage de qualit\u00e9, de continuit\u00e9.<\/p>\n\n\n\n<p>Services informatik 82 vous propose des services efficaces, adapt\u00e9s \u00e0 vos besoins (sans surplus), en ad\u00e9quation avec votre budget. <br>Votre site internet ou boutique e-commerce vous appartiennent et vous pourrez les mettre \u00e0 jour vous-m\u00eame si vous le souhaitez en b\u00e9n\u00e9ficiant d&rsquo;un accompagnement.<br>C&rsquo;est aussi de l&rsquo;aide administrative avec la possibilit\u00e9 de g\u00e9rer la facturation, les devis de votre entreprise pour vous laisser le temps \u00e0 la prospection, \u00e0 la cr\u00e9ation, \u00e0 la r\u00e9alisation.<br>Services informatik 82 peut aussi g\u00e9rer vos r\u00e9seaux sociaux, activit\u00e9s indispensables aujourd&rsquo;hui pour vos PME, associations avec des forfaits mensuels adapt\u00e9s \u00e0 vos publications.<\/p>\n\n\n\n<p>Ma priorit\u00e9 reste votre satisfaction, un engagement sur du long terme, des budgets maitris\u00e9s (sans abonnement) et un service client de qualit\u00e9 avec Un seul interlocuteur.<\/p>\n","protected":false},"excerpt":{"rendered":"<p>Depuis 2009, Services informatik 82, agence de communication et d&rsquo;accompagnement aux r\u00e9seaux sociaux, vous propose ses services en local (R\u00e9gion Occitanie) mais aussi en Freelance sur toute la France et l&rsquo;Espagne. Travailler avec un prestataire existant depuis 15 ans, c&rsquo;est un gage de qualit\u00e9, de continuit\u00e9. Services informatik 82 vous propose des services efficaces, adapt\u00e9s &hellip; <\/p>\n<p class=\"link-more\"><a href=\"https:\/\/servicesinformatik82.com\/\" class=\"more-link\">Lire la suite de<span class=\"screen-reader-text\">\u00ab\u00a0Bienvenue\u00a0\u00bb<\/span><\/a><\/p>\n","protected":false},"author":1,"featured_media":0,"parent":0,"menu_order":0,"comment_status":"closed","ping_status":"closed","template":"","meta":{"footnotes":""},"class_list":["post-43","page","type-page","status-publish","hentry"],"_links":{"self":[{"href":"https:\/\/servicesinformatik82.com\/index.php\/wp-json\/wp\/v2\/pages\/43","targetHints":{"allow":["GET"]}}],"collection":[{"href":"https:\/\/servicesinformatik82.com\/index.php\/wp-json\/wp\/v2\/pages"}],"about":[{"href":"https:\/\/servicesinformatik82.com\/index.php\/wp-json\/wp\/v2\/types\/page"}],"author":[{"embeddable":true,"href":"https:\/\/servicesinformatik82.com\/index.php\/wp-json\/wp\/v2\/users\/1"}],"replies":[{"embeddable":true,"href":"https:\/\/servicesinformatik82.com\/index.php\/wp-json\/wp\/v2\/comments?post=43"}],"version-history":[{"count":2,"href":"https:\/\/servicesinformatik82.com\/index.php\/wp-json\/wp\/v2\/pages\/43\/revisions"}],"predecessor-version":[{"id":57,"href":"https:\/\/servicesinformatik82.com\/index.php\/wp-json\/wp\/v2\/pages\/43\/revisions\/57"}],"wp:attachment":[{"href":"https:\/\/servicesinformatik82.com\/index.php\/wp-json\/wp\/v2\/media?parent=43"}],"curies":[{"name":"wp","href":"https:\/\/api.w.org\/{rel}","templated":true}]}}